{"id":2566,"date":"2016-08-04T12:00:21","date_gmt":"2016-08-04T10:00:21","guid":{"rendered":"http:\/\/choinkizywe.com.pl\/cookie-policy\/"},"modified":"2016-08-04T12:07:55","modified_gmt":"2016-08-04T10:07:55","slug":"polityka-prywatnosci","status":"publish","type":"page","link":"https:\/\/choinkizywe.com.pl\/hurt-ceny\/polityka-prywatnosci\/","title":{"rendered":"Polityka prywatno\u015bci"},"content":{"rendered":"<div style=\"margin-top: 30px; margin-bottom: 40px;\">\n<p>Polityka prywatno\u015bci tyczy si\u0119 tzw. ciasteczek, czyli plik\u00f3w cookie. Odnosi si\u0119 ona do domeny choinkizywe.com.pl i wszystkich podstron w niej zawartych.<\/p>\n<p>1. Termin pliki cookies oznacza dane informatyczne, a przede wszystkim tekstowe pliki, kt\u00f3re znajduj\u0105 si\u0119 w urz\u0105dzeniach os\u00f3b przegl\u0105daj\u0105cych serwis oraz korzystaj\u0105cych z funkcji takich jak formularz kontaktowy itp. Pliki te w \u017caden spos\u00f3b nie s\u0142u\u017c\u0105 do zdobywania danych personalnych o osobach odwiedzaj\u0105cych stron\u0119 internetow\u0105. U\u017cywanie plik\u00f3w cookies mo\u017cna wy\u0142\u0105czy\u0107 w dowolnym momencie. Informujemy jednak, \u017ce mog\u0105 wyst\u0105pi\u0107 problemy z wi\u0105zane z u\u017cytkowaniem strony WWW.<\/p>\n<p>2. Do czego s\u0105 u\u017cywane pliki cookies?:\n<\/p>\n<ul>\n<li>poprawne rozpoznanie urz\u0105dzenia oraz wy\u015bwietlenie strony dostosowanej wzgl\u0119dem osoby przegl\u0105daj\u0105cej,<\/li>\n<li>tworzenie w pe\u0142ni anonimowych statystyk, w celu analizowania ruchu na stronie.<\/li>\n<\/ul>\n<p>3. Jak wy\u0142\u0105czy\u0107 pliki cookies? &#8211; aby zmieni\u0107 opcje przechowywania oraz odbierania plik\u00f3w cookies nale\u017cy zmieni\u0107 ustawienia przegl\u0105darki internetowej. Procedura r\u00f3\u017cni si\u0119 w zale\u017cno\u015bci od u\u017cywanego programu:\n<\/p>\n<ul>\n<li><a href=\"http:\/\/support.mozilla.org\/pl\/kb\/ciasteczka\" target=\"_blank\">Mozilla Firefox<\/a><\/li>\n<li><a href=\"http:\/\/help.opera.com\/Linux\/9.22\/pl\/cookies.html\" target=\"_blank\">Opera<\/a><\/li>\n<li><a href=\"http:\/\/support.google.com\/chrome\/bin\/answer.py?hl=pl&amp;answer=95647\" target=\"_blank\">Google Chrome<\/a><\/li>\n<li><a href=\"http:\/\/windows.microsoft.com\/pl-PL\/windows7\/How-to-manage-cookies-in-Internet-Explorer-9\" target=\"_blank\">Internet Explorer<\/a><\/li>\n<li><a href=\"http:\/\/support.apple.com\/kb\/HT1677?viewlocale=pl_PL&amp;locale=pl_PL\" target=\"_blank\">Safari<\/a><\/li>\n<\/ul>\n<\/div>\n","protected":false},"excerpt":{"rendered":"<p>Polityka prywatno\u015bci tyczy si\u0119 tzw. ciasteczek, czyli plik\u00f3w cookie. Odnosi si\u0119 ona do domeny choinkizywe.com.pl i wszystkich podstron w niej zawartych. 1. Termin pliki cookies oznacza<span class=\"excerpt-hellip\"> [\u2026]<\/span><\/p>\n","protected":false},"author":1,"featured_media":0,"parent":0,"menu_order":0,"comment_status":"closed","ping_status":"closed","template":"","meta":{"footnotes":""},"class_list":["post-2566","page","type-page","status-publish","hentry"],"yoast_head":"<!-- This site is optimized with the Yoast SEO plugin v26.3 - https:\/\/yoast.com\/wordpress\/plugins\/seo\/ -->\n<title>Polityka prywatno\u015bci - Choinki<\/title>\n<meta name=\"robots\" content=\"index, follow, max-snippet:-1, max-image-preview:large, max-video-preview:-1\" \/>\n<link rel=\"canonical\" href=\"https:\/\/choinkizywe.com.pl\/hurt-ceny\/polityka-prywatnosci\/\" \/>\n<meta property=\"og:locale\" content=\"pl_PL\" \/>\n<meta property=\"og:type\" content=\"article\" \/>\n<meta property=\"og:title\" content=\"Polityka prywatno\u015bci - Choinki\" \/>\n<meta property=\"og:description\" content=\"Polityka prywatno\u015bci tyczy si\u0119 tzw. ciasteczek, czyli plik\u00f3w cookie. Odnosi si\u0119 ona do domeny choinkizywe.com.pl i wszystkich podstron w niej zawartych. 1. Termin pliki cookies oznacza [\u2026]\" \/>\n<meta property=\"og:url\" content=\"https:\/\/choinkizywe.com.pl\/hurt-ceny\/polityka-prywatnosci\/\" \/>\n<meta property=\"og:site_name\" content=\"Choinki\" \/>\n<meta property=\"article:modified_time\" content=\"2016-08-04T10:07:55+00:00\" \/>\n<meta name=\"twitter:card\" content=\"summary_large_image\" \/>\n<meta name=\"twitter:label1\" content=\"Szacowany czas czytania\" \/>\n\t<meta name=\"twitter:data1\" content=\"1 minuta\" \/>\n<script type=\"application\/ld+json\" class=\"yoast-schema-graph\">{\"@context\":\"https:\/\/schema.org\",\"@graph\":[{\"@type\":\"WebPage\",\"@id\":\"https:\/\/choinkizywe.com.pl\/hurt-ceny\/polityka-prywatnosci\/\",\"url\":\"https:\/\/choinkizywe.com.pl\/hurt-ceny\/polityka-prywatnosci\/\",\"name\":\"Polityka prywatno\u015bci - Choinki\",\"isPartOf\":{\"@id\":\"https:\/\/choinkizywe.com.pl\/hurt-ceny\/#website\"},\"datePublished\":\"2016-08-04T10:00:21+00:00\",\"dateModified\":\"2016-08-04T10:07:55+00:00\",\"breadcrumb\":{\"@id\":\"https:\/\/choinkizywe.com.pl\/hurt-ceny\/polityka-prywatnosci\/#breadcrumb\"},\"inLanguage\":\"pl-PL\",\"potentialAction\":[{\"@type\":\"ReadAction\",\"target\":[\"https:\/\/choinkizywe.com.pl\/hurt-ceny\/polityka-prywatnosci\/\"]}]},{\"@type\":\"BreadcrumbList\",\"@id\":\"https:\/\/choinkizywe.com.pl\/hurt-ceny\/polityka-prywatnosci\/#breadcrumb\",\"itemListElement\":[{\"@type\":\"ListItem\",\"position\":1,\"name\":\"Strona g\u0142\u00f3wna\",\"item\":\"https:\/\/choinkizywe.com.pl\/hurt-ceny\/\"},{\"@type\":\"ListItem\",\"position\":2,\"name\":\"Polityka prywatno\u015bci\"}]},{\"@type\":\"WebSite\",\"@id\":\"https:\/\/choinkizywe.com.pl\/hurt-ceny\/#website\",\"url\":\"https:\/\/choinkizywe.com.pl\/hurt-ceny\/\",\"name\":\"Choinki \u017bywe\",\"description\":\"\",\"publisher\":{\"@id\":\"https:\/\/choinkizywe.com.pl\/hurt-ceny\/#organization\"},\"potentialAction\":[{\"@type\":\"SearchAction\",\"target\":{\"@type\":\"EntryPoint\",\"urlTemplate\":\"https:\/\/choinkizywe.com.pl\/hurt-ceny\/?s={search_term_string}\"},\"query-input\":{\"@type\":\"PropertyValueSpecification\",\"valueRequired\":true,\"valueName\":\"search_term_string\"}}],\"inLanguage\":\"pl-PL\"},{\"@type\":\"Organization\",\"@id\":\"https:\/\/choinkizywe.com.pl\/hurt-ceny\/#organization\",\"name\":\"Nordmann Lubuskie\",\"url\":\"https:\/\/choinkizywe.com.pl\/hurt-ceny\/\",\"logo\":{\"@type\":\"ImageObject\",\"inLanguage\":\"pl-PL\",\"@id\":\"https:\/\/choinkizywe.com.pl\/hurt-ceny\/#\/schema\/logo\/image\/\",\"url\":\"https:\/\/choinkizywe.com.pl\/hurt-ceny\/wp-content\/uploads\/2016\/08\/logo.jpg\",\"contentUrl\":\"https:\/\/choinkizywe.com.pl\/hurt-ceny\/wp-content\/uploads\/2016\/08\/logo.jpg\",\"width\":203,\"height\":50,\"caption\":\"Nordmann Lubuskie\"},\"image\":{\"@id\":\"https:\/\/choinkizywe.com.pl\/hurt-ceny\/#\/schema\/logo\/image\/\"}}]}<\/script>\n<!-- \/ Yoast SEO plugin. -->","yoast_head_json":{"title":"Polityka prywatno\u015bci - Choinki","robots":{"index":"index","follow":"follow","max-snippet":"max-snippet:-1","max-image-preview":"max-image-preview:large","max-video-preview":"max-video-preview:-1"},"canonical":"https:\/\/choinkizywe.com.pl\/hurt-ceny\/polityka-prywatnosci\/","og_locale":"pl_PL","og_type":"article","og_title":"Polityka prywatno\u015bci - Choinki","og_description":"Polityka prywatno\u015bci tyczy si\u0119 tzw. ciasteczek, czyli plik\u00f3w cookie. Odnosi si\u0119 ona do domeny choinkizywe.com.pl i wszystkich podstron w niej zawartych. 1. Termin pliki cookies oznacza [\u2026]","og_url":"https:\/\/choinkizywe.com.pl\/hurt-ceny\/polityka-prywatnosci\/","og_site_name":"Choinki","article_modified_time":"2016-08-04T10:07:55+00:00","twitter_card":"summary_large_image","twitter_misc":{"Szacowany czas czytania":"1 minuta"},"schema":{"@context":"https:\/\/schema.org","@graph":[{"@type":"WebPage","@id":"https:\/\/choinkizywe.com.pl\/hurt-ceny\/polityka-prywatnosci\/","url":"https:\/\/choinkizywe.com.pl\/hurt-ceny\/polityka-prywatnosci\/","name":"Polityka prywatno\u015bci - Choinki","isPartOf":{"@id":"https:\/\/choinkizywe.com.pl\/hurt-ceny\/#website"},"datePublished":"2016-08-04T10:00:21+00:00","dateModified":"2016-08-04T10:07:55+00:00","breadcrumb":{"@id":"https:\/\/choinkizywe.com.pl\/hurt-ceny\/polityka-prywatnosci\/#breadcrumb"},"inLanguage":"pl-PL","potentialAction":[{"@type":"ReadAction","target":["https:\/\/choinkizywe.com.pl\/hurt-ceny\/polityka-prywatnosci\/"]}]},{"@type":"BreadcrumbList","@id":"https:\/\/choinkizywe.com.pl\/hurt-ceny\/polityka-prywatnosci\/#breadcrumb","itemListElement":[{"@type":"ListItem","position":1,"name":"Strona g\u0142\u00f3wna","item":"https:\/\/choinkizywe.com.pl\/hurt-ceny\/"},{"@type":"ListItem","position":2,"name":"Polityka prywatno\u015bci"}]},{"@type":"WebSite","@id":"https:\/\/choinkizywe.com.pl\/hurt-ceny\/#website","url":"https:\/\/choinkizywe.com.pl\/hurt-ceny\/","name":"Choinki \u017bywe","description":"","publisher":{"@id":"https:\/\/choinkizywe.com.pl\/hurt-ceny\/#organization"},"potentialAction":[{"@type":"SearchAction","target":{"@type":"EntryPoint","urlTemplate":"https:\/\/choinkizywe.com.pl\/hurt-ceny\/?s={search_term_string}"},"query-input":{"@type":"PropertyValueSpecification","valueRequired":true,"valueName":"search_term_string"}}],"inLanguage":"pl-PL"},{"@type":"Organization","@id":"https:\/\/choinkizywe.com.pl\/hurt-ceny\/#organization","name":"Nordmann Lubuskie","url":"https:\/\/choinkizywe.com.pl\/hurt-ceny\/","logo":{"@type":"ImageObject","inLanguage":"pl-PL","@id":"https:\/\/choinkizywe.com.pl\/hurt-ceny\/#\/schema\/logo\/image\/","url":"https:\/\/choinkizywe.com.pl\/hurt-ceny\/wp-content\/uploads\/2016\/08\/logo.jpg","contentUrl":"https:\/\/choinkizywe.com.pl\/hurt-ceny\/wp-content\/uploads\/2016\/08\/logo.jpg","width":203,"height":50,"caption":"Nordmann Lubuskie"},"image":{"@id":"https:\/\/choinkizywe.com.pl\/hurt-ceny\/#\/schema\/logo\/image\/"}}]}},"_links":{"self":[{"href":"https:\/\/choinkizywe.com.pl\/hurt-ceny\/wp-json\/wp\/v2\/pages\/2566","targetHints":{"allow":["GET"]}}],"collection":[{"href":"https:\/\/choinkizywe.com.pl\/hurt-ceny\/wp-json\/wp\/v2\/pages"}],"about":[{"href":"https:\/\/choinkizywe.com.pl\/hurt-ceny\/wp-json\/wp\/v2\/types\/page"}],"author":[{"embeddable":true,"href":"https:\/\/choinkizywe.com.pl\/hurt-ceny\/wp-json\/wp\/v2\/users\/1"}],"replies":[{"embeddable":true,"href":"https:\/\/choinkizywe.com.pl\/hurt-ceny\/wp-json\/wp\/v2\/comments?post=2566"}],"version-history":[{"count":0,"href":"https:\/\/choinkizywe.com.pl\/hurt-ceny\/wp-json\/wp\/v2\/pages\/2566\/revisions"}],"wp:attachment":[{"href":"https:\/\/choinkizywe.com.pl\/hurt-ceny\/wp-json\/wp\/v2\/media?parent=2566"}],"curies":[{"name":"wp","href":"https:\/\/api.w.org\/{rel}","templated":true}]}}